{"id":272,"date":"2019-07-13T11:41:42","date_gmt":"2019-07-13T09:41:42","guid":{"rendered":"https:\/\/ffw-kronach.dgremer.de\/?page_id=272"},"modified":"2022-03-06T21:37:52","modified_gmt":"2022-03-06T20:37:52","slug":"einsaetze","status":"publish","type":"page","link":"https:\/\/www.feuerwehr-kronach.org\/index.php\/einsaetze\/","title":{"rendered":"Eins\u00e4tze"},"content":{"rendered":"\n<p class=\"has-text-align-center\" style=\"font-size:30px\"><strong>Eins\u00e4tze Feuerwehr Kronach 2022<\/strong><\/p>\n\n\n\n<p class=\"has-text-align-center has-text-color\" style=\"color:#000000;font-size:10px\">(ohne Kleineins\u00e4tze wie kleinere Fahrbahnreinigungen, T\u00fcr\u00f6ffnungen bei akuter Gefahr, BMA-Alarm, etc.)<br>Eine \u00dcbersicht aller Eins\u00e4tze finden sie auf unseren Social-Media-Kan\u00e4len ( <a rel=\"noreferrer noopener\" href=\"https:\/\/www.instagram.com\/feuerwehr_kronach\/\" target=\"_blank\">Instagram<\/a> oder <a rel=\"noreferrer noopener\" href=\"https:\/\/www.facebook.com\/FreiwilligeFeuerwehrStadtKronach\" target=\"_blank\">Facebook<\/a>)<\/p>\n\n\n\n<figure class=\"wp-block-table alignwide is-style-regular\"><table><tbody><tr><td>Dezember<\/td><\/tr><\/tbody><\/table><\/figure>\n\n\n\n\n\n\n<figure class=\"wp-block-table alignwide is-style-regular\"><table><tbody><tr><td>November<\/td><\/tr><\/tbody><\/table><\/figure>\n\n\n\n\n\n\n<figure class=\"wp-block-table alignwide is-style-regular\"><table><tbody><tr><td>Oktober<\/td><\/tr><\/tbody><\/table><\/figure>\n\n\n\n\n\n\n<figure class=\"wp-block-table alignwide is-style-regular\"><table><tbody><tr><td>September<\/td><\/tr><\/tbody><\/table><\/figure>\n\n\n\n\n\n\n<figure class=\"wp-block-table alignwide is-style-regular\"><table><tbody><tr><td>August<\/td><\/tr><\/tbody><\/table><\/figure>\n\n\n\n\n\n\n<figure class=\"wp-block-table alignwide is-style-regular\"><table><tbody><tr><td>Juli<\/td><\/tr><\/tbody><\/table><\/figure>\n\n\n\n\n\n\n<figure class=\"wp-block-table alignwide is-style-regular\"><table><tbody><tr><td>Juni<\/td><\/tr><\/tbody><\/table><\/figure>\n\n\n\n\n\n\n<figure class=\"wp-block-table alignwide is-style-regular\"><table><tbody><tr><td>Mai<\/td><\/tr><\/tbody><\/table><\/figure>\n\n\n<div class=\"display-posts-listing image-left\"><div class=\"listing-item\"><a class=\"image\" href=\"https:\/\/www.feuerwehr-kronach.org\/index.php\/2022\/05\/13\/brand-industriegebaeude-firma-voitlaender\/\"><img decoding=\"async\" width=\"150\" height=\"150\" src=\"https:\/\/www.feuerwehr-kronach.org\/wp-content\/uploads\/2022\/05\/Voitlaender6-150x150.jpg\" class=\"attachment-thumbnail size-thumbnail wp-post-image\" alt=\"\" \/><\/a> <a class=\"title\" href=\"https:\/\/www.feuerwehr-kronach.org\/index.php\/2022\/05\/13\/brand-industriegebaeude-firma-voitlaender\/\">Brand Industriegeb\u00e4ude &#8211; Firma Voitl\u00e4nder<\/a> <span class=\"date\">- 13. Mai 2022 - 23:38<\/span> <span class=\"excerpt-dash\">-<\/span> <span class=\"excerpt\">Am Freitag, den 13.05.2022 wurde der Integrierten Leitstelle Coburg in den sp\u00e4ten Abendstunden eine Rauchentwicklung und Flammenschein im Betriebsgeb\u00e4ude der&hellip; <a class=\"excerpt-more\" href=\"https:\/\/www.feuerwehr-kronach.org\/index.php\/2022\/05\/13\/brand-industriegebaeude-firma-voitlaender\/\">weiterlesen<\/a><\/span><\/div><\/div>\n\n\n\n<figure class=\"wp-block-table alignwide is-style-regular\"><table><tbody><tr><td>April<\/td><\/tr><\/tbody><\/table><\/figure>\n\n\n\n\n\n\n<figure class=\"wp-block-table alignwide is-style-regular\"><table><tbody><tr><td>M\u00e4rz<\/td><\/tr><\/tbody><\/table><\/figure>\n\n\n<div class=\"display-posts-listing image-left\"><div class=\"listing-item\"><a class=\"image\" href=\"https:\/\/www.feuerwehr-kronach.org\/index.php\/2022\/03\/06\/bombenfund-gundelsdorf\/\"><img decoding=\"async\" width=\"150\" height=\"150\" src=\"https:\/\/www.feuerwehr-kronach.org\/wp-content\/uploads\/2022\/03\/Bomba2-edited-150x150.jpg\" class=\"attachment-thumbnail size-thumbnail wp-post-image\" alt=\"\" \/><\/a> <a class=\"title\" href=\"https:\/\/www.feuerwehr-kronach.org\/index.php\/2022\/03\/06\/bombenfund-gundelsdorf\/\">Bombenfund &#8211; Gundelsdorf<\/a> <span class=\"date\">- 6. M\u00e4rz 2022 - 19:05<\/span> <span class=\"excerpt-dash\">-<\/span> <span class=\"excerpt\">Am Sonntag, den 06. M\u00e4rz 2022 wurde durch einen Passanten eine alte Fliegerbombe im Ortsbereich Gundelsdorf gefunden ... <a class=\"excerpt-more\" href=\"https:\/\/www.feuerwehr-kronach.org\/index.php\/2022\/03\/06\/bombenfund-gundelsdorf\/\">weiterlesen<\/a><\/span><\/div><\/div>\n\n\n\n<figure class=\"wp-block-table alignwide is-style-regular\"><table><tbody><tr><td>Februar<\/td><\/tr><\/tbody><\/table><\/figure>\n\n\n\n\n\n\n<figure class=\"wp-block-table alignwide is-style-regular\"><table><tbody><tr><td>Januar<\/td><\/tr><\/tbody><\/table><\/figure>\n\n\n<div class=\"display-posts-listing image-left\"><div class=\"listing-item\"><a class=\"image\" href=\"https:\/\/www.feuerwehr-kronach.org\/index.php\/2022\/01\/30\/brand-nebengebaeude-fischbach\/\"><img decoding=\"async\" width=\"150\" height=\"150\" src=\"https:\/\/www.feuerwehr-kronach.org\/wp-content\/uploads\/2022\/01\/Fischbach1.2-1-150x150.jpg\" class=\"attachment-thumbnail size-thumbnail wp-post-image\" alt=\"\" \/><\/a> <a class=\"title\" href=\"https:\/\/www.feuerwehr-kronach.org\/index.php\/2022\/01\/30\/brand-nebengebaeude-fischbach\/\">Brand Nebengeb\u00e4ude &#8211; Fischbach<\/a> <span class=\"date\">- 30. Januar 2022 - 13:26<\/span> <span class=\"excerpt-dash\">-<\/span> <span class=\"excerpt\">Im Gemeindeteil Fischbach brach am Sonntag, den 30. Januar 2022 am Nachmittag ein Feuer in einem Schuppen aus ... <a class=\"excerpt-more\" href=\"https:\/\/www.feuerwehr-kronach.org\/index.php\/2022\/01\/30\/brand-nebengebaeude-fischbach\/\">weiterlesen<\/a><\/span><\/div><\/div>\n\n\n\n<p><\/p>\n","protected":false},"excerpt":{"rendered":"<p>Eins\u00e4tze Feuerwehr Kronach 2022 (ohne Kleineins\u00e4tze wie kleinere Fahrbahnreinigungen, T\u00fcr\u00f6ffnungen bei akuter Gefahr, BMA-Alarm, etc.)Eine \u00dcbersicht aller Eins\u00e4tze finden sie&hellip;<\/p>\n","protected":false},"author":4,"featured_media":0,"parent":0,"menu_order":5,"comment_status":"closed","ping_status":"closed","template":"","meta":{"_uag_custom_page_level_css":"","footnotes":""},"class_list":["post-272","page","type-page","status-publish","hentry"],"uagb_featured_image_src":{"full":false,"thumbnail":false,"medium":false,"medium_large":false,"large":false,"1536x1536":false,"2048x2048":false,"primer-featured":false,"primer-hero":false},"uagb_author_info":{"display_name":"Andreas P.","author_link":"https:\/\/www.feuerwehr-kronach.org\/index.php\/author\/andreasp\/"},"uagb_comment_info":0,"uagb_excerpt":"Eins\u00e4tze Feuerwehr Kronach 2022 (ohne Kleineins\u00e4tze wie kleinere Fahrbahnreinigungen, T\u00fcr\u00f6ffnungen bei akuter Gefahr, BMA-Alarm, etc.)Eine \u00dcbersicht aller Eins\u00e4tze finden sie&hellip;","_links":{"self":[{"href":"https:\/\/www.feuerwehr-kronach.org\/index.php\/wp-json\/wp\/v2\/pages\/272","targetHints":{"allow":["GET"]}}],"collection":[{"href":"https:\/\/www.feuerwehr-kronach.org\/index.php\/wp-json\/wp\/v2\/pages"}],"about":[{"href":"https:\/\/www.feuerwehr-kronach.org\/index.php\/wp-json\/wp\/v2\/types\/page"}],"author":[{"embeddable":true,"href":"https:\/\/www.feuerwehr-kronach.org\/index.php\/wp-json\/wp\/v2\/users\/4"}],"replies":[{"embeddable":true,"href":"https:\/\/www.feuerwehr-kronach.org\/index.php\/wp-json\/wp\/v2\/comments?post=272"}],"version-history":[{"count":41,"href":"https:\/\/www.feuerwehr-kronach.org\/index.php\/wp-json\/wp\/v2\/pages\/272\/revisions"}],"predecessor-version":[{"id":5046,"href":"https:\/\/www.feuerwehr-kronach.org\/index.php\/wp-json\/wp\/v2\/pages\/272\/revisions\/5046"}],"wp:attachment":[{"href":"https:\/\/www.feuerwehr-kronach.org\/index.php\/wp-json\/wp\/v2\/media?parent=272"}],"curies":[{"name":"wp","href":"https:\/\/api.w.org\/{rel}","templated":true}]}}