{"id":286,"date":"2019-07-13T11:44:01","date_gmt":"2019-07-13T09:44:01","guid":{"rendered":"https:\/\/ffw-kronach.dgremer.de\/?page_id=286"},"modified":"2024-01-06T19:20:57","modified_gmt":"2024-01-06T18:20:57","slug":"oeffentlich","status":"publish","type":"page","link":"https:\/\/www.feuerwehr-kronach.org\/index.php\/termine\/oeffentlich\/","title":{"rendered":"\u00d6ffentlich"},"content":{"rendered":"\n<div class=\"wp-block-uagb-info-box uagb-block-94bd92bb uagb-infobox__content-wrap  uagb-infobox-icon-above-title uagb-infobox-image-valign-top\"><div class=\"uagb-ifb-content\"><div class=\"uagb-ifb-icon-wrap\"><svg xmlns=\"https:\/\/www.w3.org\/2000\/svg\" viewBox=\"0 0 512 512\"><path d=\"M256 512C114.6 512 0 397.4 0 256C0 114.6 114.6 0 256 0C397.4 0 512 114.6 512 256C512 397.4 397.4 512 256 512zM232 256C232 264 236 271.5 242.7 275.1L338.7 339.1C349.7 347.3 364.6 344.3 371.1 333.3C379.3 322.3 376.3 307.4 365.3 300L280 243.2V120C280 106.7 269.3 96 255.1 96C242.7 96 231.1 106.7 231.1 120L232 256z\"><\/path><\/svg><\/div><div class=\"uagb-ifb-title-wrap\"><h3 class=\"uagb-ifb-title\">Neue Termine folgen &#8230;<\/h3><\/div><p class=\"uagb-ifb-desc\">Die Termine f\u00fcr das neue Jahr werden aktuell noch aktualisiert<\/p><\/div><\/div>\n\n\n\n<p class=\"has-text-align-center has-text-color\" style=\"color:#ff4e4e;font-size:14px\"><strong>\u00c4nderungen in den Dienstpl\u00e4nen sind jederzeit m\u00f6glich!<\/strong><\/p>\n\n\n\n<div class=\"wp-block-uagb-buttons uagb-buttons__outer-wrap uagb-btn__default-btn uagb-btn-tablet__default-btn uagb-btn-mobile__default-btn uagb-block-0414b785\"><div class=\"uagb-buttons__wrap uagb-buttons-layout-wrap\">\n<div class=\"wp-block-uagb-buttons-child uagb-buttons__outer-wrap uagb-block-0ddebf38 wp-block-button\"><div class=\"uagb-button__wrapper\"><a class=\"uagb-buttons-repeater wp-block-button__link\" href=\"https:\/\/feuerwehr-kronach.org\/index.php\/termine\/\" onclick=\"return true;\" rel=\"follow noopener\" target=\"_self\"><div class=\"uagb-button__link\"><strong>Zur\u00fcck zur \u00dcbersicht<\/strong><\/div><\/a><\/div><\/div>\n<\/div><\/div>\n\n\n\n<p><\/p>\n","protected":false},"excerpt":{"rendered":"<p>\u00c4nderungen in den Dienstpl\u00e4nen sind jederzeit m\u00f6glich!<\/p>\n","protected":false},"author":4,"featured_media":0,"parent":276,"menu_order":4,"comment_status":"closed","ping_status":"closed","template":"","meta":{"_uag_custom_page_level_css":"","footnotes":""},"class_list":["post-286","page","type-page","status-publish","hentry"],"uagb_featured_image_src":{"full":false,"thumbnail":false,"medium":false,"medium_large":false,"large":false,"1536x1536":false,"2048x2048":false,"primer-featured":false,"primer-hero":false},"uagb_author_info":{"display_name":"Andreas P.","author_link":"https:\/\/www.feuerwehr-kronach.org\/index.php\/author\/andreasp\/"},"uagb_comment_info":0,"uagb_excerpt":"\u00c4nderungen in den Dienstpl\u00e4nen sind jederzeit m\u00f6glich!","_links":{"self":[{"href":"https:\/\/www.feuerwehr-kronach.org\/index.php\/wp-json\/wp\/v2\/pages\/286","targetHints":{"allow":["GET"]}}],"collection":[{"href":"https:\/\/www.feuerwehr-kronach.org\/index.php\/wp-json\/wp\/v2\/pages"}],"about":[{"href":"https:\/\/www.feuerwehr-kronach.org\/index.php\/wp-json\/wp\/v2\/types\/page"}],"author":[{"embeddable":true,"href":"https:\/\/www.feuerwehr-kronach.org\/index.php\/wp-json\/wp\/v2\/users\/4"}],"replies":[{"embeddable":true,"href":"https:\/\/www.feuerwehr-kronach.org\/index.php\/wp-json\/wp\/v2\/comments?post=286"}],"version-history":[{"count":21,"href":"https:\/\/www.feuerwehr-kronach.org\/index.php\/wp-json\/wp\/v2\/pages\/286\/revisions"}],"predecessor-version":[{"id":5922,"href":"https:\/\/www.feuerwehr-kronach.org\/index.php\/wp-json\/wp\/v2\/pages\/286\/revisions\/5922"}],"up":[{"embeddable":true,"href":"https:\/\/www.feuerwehr-kronach.org\/index.php\/wp-json\/wp\/v2\/pages\/276"}],"wp:attachment":[{"href":"https:\/\/www.feuerwehr-kronach.org\/index.php\/wp-json\/wp\/v2\/media?parent=286"}],"curies":[{"name":"wp","href":"https:\/\/api.w.org\/{rel}","templated":true}]}}